{"id":7125,"date":"2025-04-01T16:29:47","date_gmt":"2025-04-01T14:29:47","guid":{"rendered":"https:\/\/www.sklep.cafekattowitz.pl\/?post_type=product&#038;p=7125"},"modified":"2025-06-11T06:41:42","modified_gmt":"2025-06-11T04:41:42","slug":"tatar-z-lososia","status":"publish","type":"product","link":"https:\/\/cafekattowitz.pl\/?product=tatar-z-lososia","title":{"rendered":"Tatar z \u0142ososia"},"content":{"rendered":"\t\t<div data-elementor-type=\"wp-post\" data-elementor-id=\"7125\" class=\"elementor elementor-7125\" data-elementor-post-type=\"product\">\n\t\t\t\t\t\t<section class=\"elementor-section elementor-top-section elementor-element elementor-element-29767da6 elementor-section-stretched elementor-section-boxed elementor-section-height-default elementor-section-height-default\" data-id=\"29767da6\" data-element_type=\"section\" data-e-type=\"section\" data-settings=\"{&quot;stretch_section&quot;:&quot;section-stretched&quot;}\">\n\t\t\t\t\t\t\t<div class=\"elementor-background-overlay\"><\/div>\n\t\t\t\t\t\t\t<div class=\"elementor-container elementor-column-gap-default\">\n\t\t\t\t\t<div class=\"elementor-column elementor-col-100 elementor-top-column elementor-element elementor-element-4a3e28b\" data-id=\"4a3e28b\" data-element_type=\"column\" data-e-type=\"column\">\n\t\t\t<div class=\"elementor-widget-wrap\">\n\t\t\t\t\t\t\t<\/div>\n\t\t<\/div>\n\t\t\t\t\t<\/div>\n\t\t<\/section>\n\t\t\t\t<section class=\"elementor-section elementor-top-section elementor-element elementor-element-64ac6254 elementor-section-boxed elementor-section-height-default elementor-section-height-default\" data-id=\"64ac6254\" data-element_type=\"section\" data-e-type=\"section\">\n\t\t\t\t\t\t<div class=\"elementor-container elementor-column-gap-no\">\n\t\t\t\t\t<div class=\"elementor-column elementor-col-100 elementor-top-column elementor-element elementor-element-540348a2\" data-id=\"540348a2\" data-element_type=\"column\" data-e-type=\"column\">\n\t\t\t<div class=\"elementor-widget-wrap elementor-element-populated\">\n\t\t\t\t\t\t<div class=\"elementor-element elementor-element-4c820fda elementor-widget elementor-widget-text-editor\" data-id=\"4c820fda\" data-element_type=\"widget\" data-e-type=\"widget\" data-widget_type=\"text-editor.default\">\n\t\t\t\t<div class=\"elementor-widget-container\">\n\t\t\t\t\t\t\t\t\t<p>\u0142oso\u015b w\u0119dzony 100g, og\u00f3rek, cebula, sos czosnkowy, pieczywo<\/p>\t\t\t\t\t\t\t\t<\/div>\n\t\t\t\t<\/div>\n\t\t\t\t\t<\/div>\n\t\t<\/div>\n\t\t\t\t\t<\/div>\n\t\t<\/section>\n\t\t\t\t<\/div>\n\t\t","protected":false},"excerpt":{"rendered":"<p>\u0142oso\u015b w\u0119dzony 100g, og\u00f3rek, cebula, sos czosnkowy, pieczywo<\/p>\n","protected":false},"featured_media":7126,"comment_status":"closed","ping_status":"closed","template":"","meta":{"om_disable_all_campaigns":false,"inline_featured_image":false},"product_brand":[],"product_cat":[101],"product_tag":[118,64],"class_list":{"0":"post-7125","1":"product","2":"type-product","3":"status-publish","4":"has-post-thumbnail","6":"product_cat-przekaski","7":"product_tag-przekaski","8":"product_tag-z-pasja-i-tradycja","11":"instock","12":"shipping-taxable","13":"product-type-external"},"aioseo_notices":[],"_links":{"self":[{"href":"https:\/\/cafekattowitz.pl\/index.php?rest_route=\/wp\/v2\/product\/7125","targetHints":{"allow":["GET"]}}],"collection":[{"href":"https:\/\/cafekattowitz.pl\/index.php?rest_route=\/wp\/v2\/product"}],"about":[{"href":"https:\/\/cafekattowitz.pl\/index.php?rest_route=\/wp\/v2\/types\/product"}],"replies":[{"embeddable":true,"href":"https:\/\/cafekattowitz.pl\/index.php?rest_route=%2Fwp%2Fv2%2Fcomments&post=7125"}],"version-history":[{"count":5,"href":"https:\/\/cafekattowitz.pl\/index.php?rest_route=\/wp\/v2\/product\/7125\/revisions"}],"predecessor-version":[{"id":7377,"href":"https:\/\/cafekattowitz.pl\/index.php?rest_route=\/wp\/v2\/product\/7125\/revisions\/7377"}],"wp:featuredmedia":[{"embeddable":true,"href":"https:\/\/cafekattowitz.pl\/index.php?rest_route=\/wp\/v2\/media\/7126"}],"wp:attachment":[{"href":"https:\/\/cafekattowitz.pl\/index.php?rest_route=%2Fwp%2Fv2%2Fmedia&parent=7125"}],"wp:term":[{"taxonomy":"product_brand","embeddable":true,"href":"https:\/\/cafekattowitz.pl\/index.php?rest_route=%2Fwp%2Fv2%2Fproduct_brand&post=7125"},{"taxonomy":"product_cat","embeddable":true,"href":"https:\/\/cafekattowitz.pl\/index.php?rest_route=%2Fwp%2Fv2%2Fproduct_cat&post=7125"},{"taxonomy":"product_tag","embeddable":true,"href":"https:\/\/cafekattowitz.pl\/index.php?rest_route=%2Fwp%2Fv2%2Fproduct_tag&post=7125"}],"curies":[{"name":"wp","href":"https:\/\/api.w.org\/{rel}","templated":true}]}}