{"id":7023,"date":"2025-03-18T16:10:48","date_gmt":"2025-03-18T15:10:48","guid":{"rendered":"https:\/\/www.sklep.cafekattowitz.pl\/?post_type=product&#038;p=7023"},"modified":"2025-06-08T12:39:29","modified_gmt":"2025-06-08T10:39:29","slug":"nalesniki-z-twarozkiem","status":"publish","type":"product","link":"https:\/\/cafekattowitz.pl\/?product=nalesniki-z-twarozkiem","title":{"rendered":"Nale\u015bniki z twaro\u017ckiem"},"content":{"rendered":"\t\t<div data-elementor-type=\"wp-post\" data-elementor-id=\"7023\" class=\"elementor elementor-7023\" data-elementor-post-type=\"product\">\n\t\t\t\t\t\t<section class=\"elementor-section elementor-top-section elementor-element elementor-element-29767da6 elementor-section-stretched elementor-section-boxed elementor-section-height-default elementor-section-height-default\" data-id=\"29767da6\" data-element_type=\"section\" data-e-type=\"section\" data-settings=\"{&quot;stretch_section&quot;:&quot;section-stretched&quot;}\">\n\t\t\t\t\t\t\t<div class=\"elementor-background-overlay\"><\/div>\n\t\t\t\t\t\t\t<div class=\"elementor-container elementor-column-gap-default\">\n\t\t\t\t\t<div class=\"elementor-column elementor-col-100 elementor-top-column elementor-element elementor-element-4a3e28b\" data-id=\"4a3e28b\" data-element_type=\"column\" data-e-type=\"column\">\n\t\t\t<div class=\"elementor-widget-wrap\">\n\t\t\t\t\t\t\t<\/div>\n\t\t<\/div>\n\t\t\t\t\t<\/div>\n\t\t<\/section>\n\t\t\t\t<section class=\"elementor-section elementor-top-section elementor-element elementor-element-64ac6254 elementor-section-boxed elementor-section-height-default elementor-section-height-default\" data-id=\"64ac6254\" data-element_type=\"section\" data-e-type=\"section\">\n\t\t\t\t\t\t<div class=\"elementor-container elementor-column-gap-no\">\n\t\t\t\t\t<div class=\"elementor-column elementor-col-100 elementor-top-column elementor-element elementor-element-540348a2\" data-id=\"540348a2\" data-element_type=\"column\" data-e-type=\"column\">\n\t\t\t<div class=\"elementor-widget-wrap elementor-element-populated\">\n\t\t\t\t\t\t<div class=\"elementor-element elementor-element-4c820fda elementor-widget elementor-widget-text-editor\" data-id=\"4c820fda\" data-element_type=\"widget\" data-e-type=\"widget\" data-widget_type=\"text-editor.default\">\n\t\t\t\t<div class=\"elementor-widget-container\">\n\t\t\t\t\t\t\t\t\t<p>nale\u015bniki 2 szt z twaro\u017ckiem waniliowym, sosem pomara\u0144czowym i ga\u0142k\u0105 lod\u00f3w rzemie\u015blniczych<\/p>\t\t\t\t\t\t\t\t<\/div>\n\t\t\t\t<\/div>\n\t\t\t\t\t<\/div>\n\t\t<\/div>\n\t\t\t\t\t<\/div>\n\t\t<\/section>\n\t\t\t\t<\/div>\n\t\t","protected":false},"excerpt":{"rendered":"<p>nale\u015bniki 2 szt z twaro\u017ckiem waniliowym, sosem pomara\u0144czowym i ga\u0142k\u0105 lod\u00f3w rzemie\u015blniczych<\/p>\n","protected":false},"featured_media":7497,"comment_status":"closed","ping_status":"closed","template":"","meta":{"om_disable_all_campaigns":false,"inline_featured_image":false},"product_brand":[],"product_cat":[61],"product_tag":[113,39,120],"class_list":{"0":"post-7023","1":"product","2":"type-product","3":"status-publish","4":"has-post-thumbnail","6":"product_cat-sniadania","7":"product_tag-herbaty","8":"product_tag-kawy","9":"product_tag-sniadania","12":"instock","13":"shipping-taxable","14":"product-type-external"},"aioseo_notices":[],"_links":{"self":[{"href":"https:\/\/cafekattowitz.pl\/index.php?rest_route=\/wp\/v2\/product\/7023","targetHints":{"allow":["GET"]}}],"collection":[{"href":"https:\/\/cafekattowitz.pl\/index.php?rest_route=\/wp\/v2\/product"}],"about":[{"href":"https:\/\/cafekattowitz.pl\/index.php?rest_route=\/wp\/v2\/types\/product"}],"replies":[{"embeddable":true,"href":"https:\/\/cafekattowitz.pl\/index.php?rest_route=%2Fwp%2Fv2%2Fcomments&post=7023"}],"version-history":[{"count":10,"href":"https:\/\/cafekattowitz.pl\/index.php?rest_route=\/wp\/v2\/product\/7023\/revisions"}],"predecessor-version":[{"id":7502,"href":"https:\/\/cafekattowitz.pl\/index.php?rest_route=\/wp\/v2\/product\/7023\/revisions\/7502"}],"wp:featuredmedia":[{"embeddable":true,"href":"https:\/\/cafekattowitz.pl\/index.php?rest_route=\/wp\/v2\/media\/7497"}],"wp:attachment":[{"href":"https:\/\/cafekattowitz.pl\/index.php?rest_route=%2Fwp%2Fv2%2Fmedia&parent=7023"}],"wp:term":[{"taxonomy":"product_brand","embeddable":true,"href":"https:\/\/cafekattowitz.pl\/index.php?rest_route=%2Fwp%2Fv2%2Fproduct_brand&post=7023"},{"taxonomy":"product_cat","embeddable":true,"href":"https:\/\/cafekattowitz.pl\/index.php?rest_route=%2Fwp%2Fv2%2Fproduct_cat&post=7023"},{"taxonomy":"product_tag","embeddable":true,"href":"https:\/\/cafekattowitz.pl\/index.php?rest_route=%2Fwp%2Fv2%2Fproduct_tag&post=7023"}],"curies":[{"name":"wp","href":"https:\/\/api.w.org\/{rel}","templated":true}]}}