{"id":6486,"date":"2025-03-09T14:29:35","date_gmt":"2025-03-09T13:29:35","guid":{"rendered":"https:\/\/www.sklep.cafekattowitz.pl\/?post_type=product&#038;p=6486"},"modified":"2025-11-23T13:00:00","modified_gmt":"2025-11-23T12:00:00","slug":"zur-slaski","status":"publish","type":"product","link":"https:\/\/cafekattowitz.pl\/?product=zur-slaski","title":{"rendered":"\u017bur \u015al\u0105ski"},"content":{"rendered":"\t\t<div data-elementor-type=\"wp-post\" data-elementor-id=\"6486\" class=\"elementor elementor-6486\" data-elementor-post-type=\"product\">\n\t\t\t\t\t\t<section class=\"elementor-section elementor-top-section elementor-element elementor-element-29767da6 elementor-section-stretched elementor-section-boxed elementor-section-height-default elementor-section-height-default\" data-id=\"29767da6\" data-element_type=\"section\" data-e-type=\"section\" data-settings=\"{&quot;stretch_section&quot;:&quot;section-stretched&quot;}\">\n\t\t\t\t\t\t\t<div class=\"elementor-background-overlay\"><\/div>\n\t\t\t\t\t\t\t<div class=\"elementor-container elementor-column-gap-default\">\n\t\t\t\t\t<div class=\"elementor-column elementor-col-100 elementor-top-column elementor-element elementor-element-4a3e28b\" data-id=\"4a3e28b\" data-element_type=\"column\" data-e-type=\"column\">\n\t\t\t<div class=\"elementor-widget-wrap\">\n\t\t\t\t\t\t\t<\/div>\n\t\t<\/div>\n\t\t\t\t\t<\/div>\n\t\t<\/section>\n\t\t\t\t<section class=\"elementor-section elementor-top-section elementor-element elementor-element-64ac6254 elementor-section-boxed elementor-section-height-default elementor-section-height-default\" data-id=\"64ac6254\" data-element_type=\"section\" data-e-type=\"section\">\n\t\t\t\t\t\t<div class=\"elementor-container elementor-column-gap-no\">\n\t\t\t\t\t<div class=\"elementor-column elementor-col-100 elementor-top-column elementor-element elementor-element-540348a2\" data-id=\"540348a2\" data-element_type=\"column\" data-e-type=\"column\">\n\t\t\t<div class=\"elementor-widget-wrap elementor-element-populated\">\n\t\t\t\t\t\t<div class=\"elementor-element elementor-element-4c820fda elementor-widget elementor-widget-text-editor\" data-id=\"4c820fda\" data-element_type=\"widget\" data-e-type=\"widget\" data-widget_type=\"text-editor.default\">\n\t\t\t\t<div class=\"elementor-widget-container\">\n\t\t\t\t\t\t\t\t\t<p>wywar z \u017ceberek w\u0119dzonych, zakwas, kie\u0142basa bia\u0142a, ziemniaki<\/p>\t\t\t\t\t\t\t\t<\/div>\n\t\t\t\t<\/div>\n\t\t\t\t\t<\/div>\n\t\t<\/div>\n\t\t\t\t\t<\/div>\n\t\t<\/section>\n\t\t\t\t<\/div>\n\t\t","protected":false},"excerpt":{"rendered":"<p>wywar z \u017ceberek w\u0119dzonych, zakwas, kie\u0142basa bia\u0142a, ziemniaki<\/p>\n","protected":false},"featured_media":6956,"comment_status":"closed","ping_status":"closed","template":"","meta":{"om_disable_all_campaigns":false,"inline_featured_image":false},"product_brand":[],"product_cat":[43],"product_tag":[37,64,125],"class_list":{"0":"post-6486","1":"product","2":"type-product","3":"status-publish","4":"has-post-thumbnail","6":"product_cat-zupy","7":"product_tag-kulinarne","8":"product_tag-z-pasja-i-tradycja","9":"product_tag-zupy","12":"instock","13":"shipping-taxable","14":"product-type-external"},"aioseo_notices":[],"_links":{"self":[{"href":"https:\/\/cafekattowitz.pl\/index.php?rest_route=\/wp\/v2\/product\/6486","targetHints":{"allow":["GET"]}}],"collection":[{"href":"https:\/\/cafekattowitz.pl\/index.php?rest_route=\/wp\/v2\/product"}],"about":[{"href":"https:\/\/cafekattowitz.pl\/index.php?rest_route=\/wp\/v2\/types\/product"}],"replies":[{"embeddable":true,"href":"https:\/\/cafekattowitz.pl\/index.php?rest_route=%2Fwp%2Fv2%2Fcomments&post=6486"}],"version-history":[{"count":8,"href":"https:\/\/cafekattowitz.pl\/index.php?rest_route=\/wp\/v2\/product\/6486\/revisions"}],"predecessor-version":[{"id":6957,"href":"https:\/\/cafekattowitz.pl\/index.php?rest_route=\/wp\/v2\/product\/6486\/revisions\/6957"}],"wp:featuredmedia":[{"embeddable":true,"href":"https:\/\/cafekattowitz.pl\/index.php?rest_route=\/wp\/v2\/media\/6956"}],"wp:attachment":[{"href":"https:\/\/cafekattowitz.pl\/index.php?rest_route=%2Fwp%2Fv2%2Fmedia&parent=6486"}],"wp:term":[{"taxonomy":"product_brand","embeddable":true,"href":"https:\/\/cafekattowitz.pl\/index.php?rest_route=%2Fwp%2Fv2%2Fproduct_brand&post=6486"},{"taxonomy":"product_cat","embeddable":true,"href":"https:\/\/cafekattowitz.pl\/index.php?rest_route=%2Fwp%2Fv2%2Fproduct_cat&post=6486"},{"taxonomy":"product_tag","embeddable":true,"href":"https:\/\/cafekattowitz.pl\/index.php?rest_route=%2Fwp%2Fv2%2Fproduct_tag&post=6486"}],"curies":[{"name":"wp","href":"https:\/\/api.w.org\/{rel}","templated":true}]}}