{"id":3,"date":"2024-02-08T17:36:42","date_gmt":"2024-02-08T16:36:42","guid":{"rendered":"https:\/\/www.sklep.cafekattowitz.pl\/?page_id=3"},"modified":"2025-05-14T17:38:58","modified_gmt":"2025-05-14T15:38:58","slug":"polityka-prywatnosci","status":"publish","type":"page","link":"https:\/\/cafekattowitz.pl\/?page_id=3","title":{"rendered":"Polityka prywatno\u015bci"},"content":{"rendered":"\t\t<div data-elementor-type=\"wp-page\" data-elementor-id=\"3\" class=\"elementor elementor-3\" data-elementor-post-type=\"page\">\n\t\t\t\t<div class=\"elementor-element elementor-element-63853443 e-flex e-con-boxed e-con e-parent\" data-id=\"63853443\" data-element_type=\"container\" data-e-type=\"container\">\n\t\t\t\t\t<div class=\"e-con-inner\">\n\t\t\t\t<div class=\"elementor-element elementor-element-392ad6a elementor-widget elementor-widget-text-editor\" data-id=\"392ad6a\" data-element_type=\"widget\" data-e-type=\"widget\" data-widget_type=\"text-editor.default\">\n\t\t\t\t<div class=\"elementor-widget-container\">\n\t\t\t\t\t\t\t\t\t<p>Polityka prywatno\u015bci, kt\u00f3r\u0105 w\u0142a\u015bnie czytasz, okre\u015bla zasady post\u0119powania przy przetwarzaniu danych osobowych u\u017cytkownik\u00f3w serwisu internetowego\u00a0<br \/>https:\/\/cafekattowitz.pl, a tak\u017ce os\u00f3b kontaktuj\u0105cych si\u0119 z firm\u0105 Graf von Frankenstein Sp z o.o , NIP: <em>634 283 58 57<\/em><\/p>\n<div class=\"elementor-element elementor-element-c349951 elementor-widget elementor-widget-text-editor\" data-id=\"c349951\" data-element_type=\"widget\" data-widget_type=\"text-editor.default\">\n<div class=\"elementor-widget-container\">\n<div id=\"page-content\" class=\"page-content footer-shadow\">\n<div class=\"gridContainer content\">\n<div id=\"post-1087\" class=\"post-1087 page type-page status-publish hentry\">\n<div>\n<div class=\"elementor elementor-1087\" data-elementor-type=\"wp-page\" data-elementor-id=\"1087\" data-elementor-post-type=\"page\">\n<section class=\"elementor-section elementor-top-section elementor-element elementor-element-c3b2513 elementor-section-boxed elementor-section-height-default elementor-section-height-default\" data-id=\"c3b2513\" data-element_type=\"section\">\n<div class=\"elementor-container elementor-column-gap-default\">\n<div class=\"elementor-column elementor-col-100 elementor-top-column elementor-element elementor-element-260299c\" data-id=\"260299c\" data-element_type=\"column\">\n<div class=\"elementor-widget-wrap elementor-element-populated\">\n<div class=\"elementor-element elementor-element-073f9aa elementor-widget elementor-widget-text-editor\" data-id=\"073f9aa\" data-element_type=\"widget\" data-widget_type=\"text-editor.default\">\n<div class=\"elementor-widget-container\">\n<p>Wysy\u0142aj\u0105c do mnie e-maila, wyra\u017casz dobrowoln\u0105 zgod\u0119 na przetwarzanie przekazanych danych osobowych, zgodnie z zasadami zawartymi w polityce prywatno\u015bci.<\/p>\n<p><strong>I. DEFINICJE<\/strong><\/p>\n<ol>\n<li>Serwis \u2013 ta strona internetowa<\/li>\n<li>Administrator \u2013 Graf von Frankenstein Sp z o.o<\/li>\n<li>U\u017cytkownik \u2013 osoba fizyczna korzystaj\u0105ca z Serwisu<\/li>\n<li>Urz\u0105dzenie \u2013 elektroniczne urz\u0105dzenie wraz z oprogramowaniem, za po\u015brednictwem, kt\u00f3rego U\u017cytkownik uzyskuje dost\u0119p do Serwisu<\/li>\n<li>Cookies (ciasteczka) \u2013 dane tekstowe gromadzone w formie plik\u00f3w zamieszczanych na Urz\u0105dzeniu U\u017cytkownika<\/li>\n<li>RODO \u2013 Rozporz\u0105dzenie Parlamentu Europejskiego i Rady (UE) 2016\/679 z dnia 27 kwietnia 2016 r. w sprawie ochrony os\u00f3b fizycznych w zwi\u0105zku z przetwarzaniem danych osobowych i w sprawie swobodnego przep\u0142ywu takich danych oraz uchylenia dyrektywy 95\/46\/WE (og\u00f3lne rozporz\u0105dzenie o ochronie danych)<\/li>\n<\/ol>\n<p><strong>II.\u00a0POSTANOWIENIA OG\u00d3LNE<\/strong><\/p>\n<ol>\n<li>Dane osobowe U\u017cytkownika s\u0105 przetwarzane zgodnie z RODO, a podstaw\u0105 przetwarzania danych jest\n<ol>\n<li>6 ust. 1 lit a) RODO (zgoda U\u017cytkownika na przetwarzanie swoich danych osobowych<\/li>\n<li>6 ust. 1 lit. b) RODO (realizacja umowy, kt\u00f3rej stron\u0105 jest U\u017cytkownik, kt\u00f3rego dane dotycz\u0105)<\/li>\n<li>6 ust. 1 lit. f) RODO (prawnie uzasadniony interes Administratora)<\/li>\n<\/ol>\n<\/li>\n<li>Administrator jest \u015bwiadom zagro\u017ce\u0144 wynikaj\u0105cych przetwarzania danych osobowych w\u00a0sieci Internet, dlatego te\u017c o\u015bwiadcza, i\u017c dok\u0142ada stara\u0144, aby zapewni\u0107 odpowiedni poziom ochrony prywatno\u015bci i bezpiecze\u0144stwa U\u017cytkownik\u00f3w<\/li>\n<\/ol>\n<p><strong>III. ZAKRES ZBIERANYCH DANYCH<\/strong><\/p>\n<ol>\n<li>Zbierane przez Administratora dane osobowe U\u017cytkownika wykorzystywane s\u0105 kontaktu z\u00a0nim lub do realizacji umowy zawartej z U\u017cytkownikiem lub podj\u0119cia dzia\u0142a\u0144 na zlecenie U\u017cytkownika<\/li>\n<li>Administrator przetwarza dane osobowe U\u017cytkownika takie jak: imi\u0119 i nazwisko lub nazwa firmy, adres mailowy numer telefonu, podane przez U\u017cytkownika<\/li>\n<li>W przypadku wizyty na w Serwisie, podczas kt\u00f3rej U\u017cytkownik nie wype\u0142nia formularzy zbierane s\u0105 dane statystyczne takie jak: (tutaj do uzupe\u0142nienia zgodnie z Twoimi opcjami, tam na pocz\u0105tku strony co do zakresu prywatno\u015bci albo mo\u017cna wymieni\u0107 najszerszy zakres) Podstaw\u0105 przetwarzania danych jest prawnie uzasadniony interes Administratora (art. 6 ust. 1 lit. f) RODO)<\/li>\n<li>W przypadku wybrania jednej z dr\u00f3g kontaktu z Administratorem, przetwarzane b\u0119d\u0105 jedynie dane przez niego podane. Podstaw\u0105 przetwarzania danych jest przygotowanie i realizacja umowy (art. 6 ust. 1 lit. b) RODO)<\/li>\n<li>W przypadku zawarcia umowy lub zlecenia okre\u015blonego dzia\u0142ania przetwarzane b\u0119d\u0105 dane wskazane do zawarcia umowy oraz rozliczenia takie jak: imi\u0119 i nazwisko, firma, adres oraz numer NIP lub numer PESEL. Podstaw\u0105 przetwarzania jest konieczno\u015b\u0107 wywi\u0105zania si\u0119 przez Administratora z obowi\u0105zk\u00f3w prawnych i podatkowych (art. 6 ust. 1 lit c RODO). Administrator zastrzega sobie r\u00f3wnie\u017c mo\u017cliwo\u015b\u0107 przetwarzania tych danych w celu dochodzenia nale\u017cnych mu roszcze\u0144.<\/li>\n<li>W przypadku U\u017cytkownik\u00f3w wyra\u017caj\u0105cych wol\u0119 nawi\u0105zania wsp\u00f3\u0142pracy ich dane przechowywane b\u0119d\u0105 przez okres umo\u017cliwiaj\u0105cy zawarcie umowy zgodnie z uprzednio zaproponowanymi przez Administratora warunkami.<\/li>\n<li>Administrator zastrzega sobie mo\u017cliwo\u015b\u0107 przetwarzania danych os\u00f3b w celu tworzenia rejestr\u00f3w i ewidencji os\u00f3b wynikaj\u0105cych z przepis\u00f3w o ochronie danych osobowych oraz archiwalnym i w celu wykazania fakt\u00f3w o znaczeniu dowodowym i prawnym.<\/li>\n<\/ol>\n<p><strong>IV. SPOS\u00d3B KORZYSTNIA Z SERISU ORAZ KONTAKTU<\/strong><\/p>\n<ol>\n<li>Korzystanie z Serwisu oraz kontaktu z Administratorem jest dobrowolne.<\/li>\n<li>U\u017cytkownik wysy\u0142aj\u0105cy informacje bezpo\u015brednio na adres e-mail Administratora winien liczy\u0107 si\u0119 z tym, i\u017c informacja ta mo\u017ce zosta\u0107 opublikowana w Serwisie lub kana\u0142ach spo\u0142eczno\u015bciowych Administratora w zanonimizowanej formie.<\/li>\n<li>Dane osobowe U\u017cytkownik\u00f3w:\n<ol>\n<li>nie b\u0119d\u0105 przekazywane podmiotom trzecim w celach marketingowych<\/li>\n<li>b\u0119d\u0105 przekazywane pracownikom i\u00a0wsp\u00f3\u0142pracownikom Administratora w celu realizacji umowy<\/li>\n<li>b\u0119d\u0105 przekazywane uprawnionym organom pa\u0144stwowe \u2013 w szczeg\u00f3lno\u015bci Policja i jednostki organizacyjne prokuratury lub Prezesi UODO, UKE, UOKiK na ich \u017c\u0105danie<\/li>\n<\/ol>\n<\/li>\n<li>Administrator przekazuje dane nast\u0119puj\u0105cym firmom trzecim:\n<ol>\n<li>podmioty maj\u0105ce siedzib\u0119 na terytorium Rzeczypospolitej Polskiej\n<ol>\n<li>home.pl . \u2013 oferuj\u0105ca obs\u0142ug\u0119 hostingowo-serwerow\u0105<\/li>\n<li>biuro ksi\u0119gowe\u00a0 \u2013 w zakresie niezb\u0119dnym do realizacji obowi\u0105zk\u00f3w<\/li>\n<li>wsp\u00f3\u0142pracownicy prawnicy \u2013 w przypadku wyra\u017cenia zgody przez Klienta<\/li>\n<\/ol>\n<\/li>\n<li>podmioty przetwarzaj\u0105ce dane na terytorium Unii Europejskiej:\n<ol>\n<li>je\u017celi takie s\u0105<\/li>\n<\/ol>\n<\/li>\n<li>podmioty przetwarzaj\u0105ce dane poza terytorium Unii Europejskiej:\n<ol>\n<li>Google \u2013 jedynie nieidentyfikuj\u0105ce konkretnej osoby dane analitycznie, Google Analytics do analizy statystyk stron<\/li>\n<li>Facebook \u2013 wtyczki spo\u0142eczno\u015bciowe, system komentowania, pixel wspieraj\u0105cy mierzenie skuteczno\u015bci i optymalizacj\u0119 reklam<\/li>\n<li>Microsoft\/ Apple \u2013 wykonywanie dzia\u0142alno\u015b\u0107 przez New Complex Sp z o.o<\/li>\n<\/ol>\n<\/li>\n<\/ol>\n<\/li>\n<li>Administrator informuje, \u017ce podmioty wymienione w pkt 4 c) maj\u0105 siedziby poza Uni\u0105 Europejsk\u0105, a zatem w \u015bwietle przepis\u00f3w RODO s\u0105 traktowane jako tzw. pa\u0144stwa trzecie.<\/li>\n<li>Google Inc. (adres siedziby g\u0142\u00f3wnej: 1600 Amphitheatre Parkway, Mountain View, CA 94043, USA) \u2013 zbierane dane uniemo\u017cliwiaj\u0105 identyfikacj\u0119 konkretnej osoby, a wi\u0119cej informacji o standardach prywatno\u015bci narz\u0119dzia dost\u0119pne jest pod linkiem www.google.com\/intl\/pl\/policies\/privacy\/partners\/. Ponadto korzystaj\u0105c z poni\u017cszego linku: https:\/\/tools.google.com\/dlpage\/gaoptout istnieje mo\u017cliwo\u015b\u0107 wy\u0142\u0105czenia aktywno\u015bci mierzonej przez Google Analytics.<\/li>\n<li>Facebook (adres siedziby g\u0142\u00f3wnej: Facebook Inc., 1601 S. California Ave. Palo Alto, CA 94304, USA). Zbierane dane co do zasady uniemo\u017cliwiaj\u0105 identyfikacj\u0119 konkretnej osoby, a wi\u0119cej informacji o standardach prywatno\u015bci narz\u0119dzia dost\u0119pne jest pod linkiem https:\/\/www.facebook.com\/about\/privacyshield.<\/li>\n<li>Microsoft Corporation (adres siedziby g\u0142\u00f3wnej: Microsoft Corporation, One Microsoft Way Redmond, WA 98052-6399 USA); Zbierane dane co do zasady umo\u017cliwiaj\u0105 identyfikacj\u0119 konkretnej osoby, a wi\u0119cej informacji o standardach prywatno\u015bci narz\u0119dzia dost\u0119pne jest pod linkiem: https:\/\/docs.microsoft.com\/en-us\/compliance\/regulatory\/offering-EU-US-Privacy-Shield?view=o365-worldwide.<\/li>\n<li>Powy\u017csze firmy gwarantuj\u0105 przestrzeganie analogicznych do Rozporz\u0105dzenia standard\u00f3w w zakresie ochrony danych osobowych, a korzystanie przez Administratora z ich technologii przy przetwarzaniu danych osobowych jest zgodne z prawem.<\/li>\n<li>Apple\u00a0<\/li>\n<li>Administrator informuje, \u017ce nie powo\u0142a\u0142 Inspektora Ochrony Danych Osobowych, gdy\u017c nie spe\u0142nia przes\u0142anek obowi\u0105zkowo\u015bci. Administrator nie jest organem lub podmiotem publicznym, a jego g\u0142\u00f3wna dzia\u0142alno\u015b\u0107 nie polega na operacjach przetwarzania, kt\u00f3re ze wzgl\u0119du na sw\u00f3j charakter, zakres lub cele wymagaj\u0105 regularnego i systematycznego monitorowania os\u00f3b, kt\u00f3rych dane dotycz\u0105, na du\u017c\u0105 skal\u0119. Ponadto g\u0142\u00f3wna dzia\u0142alno\u015b\u0107 Administratora nie polega na przetwarzaniu na du\u017c\u0105 skal\u0119 szczeg\u00f3lnych kategorii danych osobowych, oraz danych osobowych dotycz\u0105cych wyrok\u00f3w skazuj\u0105cych i narusze\u0144 prawa. Tym samym metod\u0105 kontaktu w kwestiach danych osobowych jest adres e-mail Administratora.<\/li>\n<li>Administrator zgodnie z obowi\u0105zuj\u0105cymi przepisami prawa nie przetwarza danych osobowych w nieograniczonym okresie, lecz jedynie przez czas niezb\u0119dny do osi\u0105gni\u0119cia nast\u0119puj\u0105cych cel\u00f3w:<\/li>\n<li>ofertowego \u2013 przez okres 3 lat<\/li>\n<li>nawi\u0105zania i wykonania umowy \u2013 przez okres wynikaj\u0105cy z przedawniania roszcze\u0144 z\u00a0umowy<\/li>\n<li>wystawiania faktur \u2013 przez okres 6 lat<\/li>\n<li>w pozosta\u0142ych celach wymienionych w dziale III niniejszej polityki \u2013 przez okres 2 lat lub do momentu wycofania zgody<\/li>\n<li>Okres przechowywania danych nie b\u0119dzie kr\u00f3tszy ani\u017celi wynika z obowi\u0105zuj\u0105cych przepis\u00f3w prawa tj. m.in.: ustawy o rachunkowo\u015bci, ordynacji podatkowej, ustawy Kodeks cywilny<\/li>\n<li>Okresy w latach Administrator liczy od ko\u0144ca roku, w kt\u00f3rym rozpocz\u0105\u0142 przetwarzanie danych osobowych, aby usprawni\u0107 proces usuwania lub niszczenia danych osobowych.<\/li>\n<li>Po tym okresie dane osobowe zostan\u0105 nieodwracalnie usuni\u0119te lub zniszczone.<\/li>\n<\/ol>\n<p><strong>V. PRAWA I OBOWI\u0104ZKI U\u017bYTKOWNIKA<\/strong><\/p>\n<ol>\n<li>U\u017cytkownik, kt\u00f3rego dane dotycz\u0105, ma prawo dost\u0119pu do tre\u015bci swoich danych osobowych oraz prawo ich sprostowania, usuni\u0119cia, ograniczenia przetwarzania, prawo do przenoszenia danych, prawo wniesienia sprzeciwu, prawo do cofni\u0119cia zgody w dowolnym momencie bez wp\u0142ywu na zgodno\u015b\u0107 z prawem przetwarzania, kt\u00f3rego dokonano na podstawie zgody przed jej cofni\u0119ciem.<\/li>\n<li>Podstawy prawne \u017c\u0105da\u0144 U\u017cytkownika:\n<ol>\n<li>Dost\u0119p do danych \u2013 art. 15 RODO<\/li>\n<li>Sprostowanie danych \u2013 art. 16 RODO<\/li>\n<li>Usuni\u0119cie danych (tzw. prawo do bycia zapomnianym) \u2013 art. 17 RODO<\/li>\n<li>Ograniczenie przetwarzania \u2013 art. 18 RODO<\/li>\n<li>Przeniesienie danych \u2013 art. 20 RODO<\/li>\n<li>Sprzeciw \u2013 art. 21 RODO<\/li>\n<li>Cofni\u0119cie zgody \u2013 art. 7 ust. 3 RODO przy czym cofni\u0119cie zgody mo\u017ce uniemo\u017cliwi\u0107 dalsze korzystanie z niekt\u00f3rych us\u0142ug<\/li>\n<\/ol>\n<\/li>\n<li>W celu realizacji praw U\u017cytkownika, o kt\u00f3rych mowa w pkt. 2 U\u017cytkownik powinien wys\u0142a\u0107 stosown\u0105 wiadomo\u015b\u0107 e-mail Administratora<\/li>\n<li>W sytuacji wyst\u0105pienia przez U\u017cytkownika z powy\u017cszych uprawnie\u0144, Administrator spe\u0142ni \u017c\u0105danie albo odm\u00f3wi jego spe\u0142nienia niezw\u0142ocznie, nie p\u00f3\u017aniej jednak ni\u017c w ci\u0105gu miesi\u0105ca od dnia jego otrzymaniu. Je\u017celi jednak \u2013 z uwagi na skomplikowany charakter \u017c\u0105dania lub liczb\u0119 \u017c\u0105da\u0144 \u2013 Administrator nie b\u0119dzie m\u00f3g\u0142 spe\u0142ni\u0107 \u017c\u0105dania w ci\u0105gu miesi\u0105ca, spe\u0142ni je w ci\u0105gu kolejnych dw\u00f3ch miesi\u0119cy informuj\u0105c U\u017cytkownika uprzednio w terminie miesi\u0105ca od otrzymania \u017c\u0105dania \u2013 o zamierzonym przed\u0142u\u017ceniu terminu oraz jego przyczynach.<\/li>\n<li>W przypadku stwierdzenia, \u017ce przetwarzanie danych osobowych narusza przepisy RODO, osoba, kt\u00f3rej dane dotycz\u0105, ma prawo wnie\u015b\u0107 skarg\u0119 do Prezesa Urz\u0119du Ochrony Danych Osobowych<\/li>\n<li>Czytelnik korzystaj\u0105c z Serwisu zobowi\u0105zany jest do przestrzegania prawa i dobrych obyczaj\u00f3w z poszanowaniem d\u00f3br osobistych i praw w\u0142asno\u015bci intelektualnej os\u00f3b trzecich<\/li>\n<li>Czytelnik zobowi\u0105zany jest do podania prawdziwych danych, Administrator nie ponosi odpowiedzialno\u015bci za wskazanie nieprawdziwych danych<\/li>\n<li>Wszystkie tre\u015bci zamieszczone w Serwisie podlegaj\u0105 ochronie prawa autorskiego i stanowi\u0105 w\u0142asno\u015bci\u0105 Administratora albo innych os\u00f3b wyra\u017anie oznaczonych mianem autora albo na Administrator u\u017cywa ich na podstawie odr\u0119bnej umowy<\/li>\n<li>Jakiekolwiek wykorzystanie przez kogokolwiek, bez wyra\u017anej zgody Administratora, kt\u00f3regokolwiek z element\u00f3w sk\u0142adaj\u0105cych si\u0119 na tre\u015b\u0107 oraz zawarto\u015b\u0107 Serwisu stanowi naruszenie prawa autorskiego<\/li>\n<\/ol>\n<p><strong>VI. CIASTECZKA<\/strong><\/p>\n<ol>\n<li>Serwis u\u017cywa plik\u00f3w cookies. U\u017cytkownik w chwili wej\u015bcia na stron\u0119 wyra\u017ca zgod\u0119 na u\u017cycie plik\u00f3w cookies poprzez klikni\u0119cie odpowiedniego banera. U\u017cytkownik ma prawo wyboru zakresu i czasu przechowywania przekazanych danych<\/li>\n<li>U\u017cywanie plik\u00f3w cookies jest konieczna do prawid\u0142owego \u015bwiadczenia us\u0142ug na stronie internetowej Serwisu. W plikach cookies znajduj\u0105 si\u0119 informacje niezb\u0119dne do prawid\u0142owego funkcjonowania strony, a tak\u017ce daj\u0105 one tak\u017ce mo\u017cliwo\u015b\u0107 opracowywania og\u00f3lnych statystyk odwiedzin strony internetowej<\/li>\n<li>Administrator wykorzystuje zewn\u0119trzne pliki cookiesw celu zbierania og\u00f3lnych i\u00a0anonimowych danych statycznych za po\u015brednictwem narz\u0119dzi analitycznych Google Analytics (administrator cookies zewn\u0119trznego: Google Inc. z\u00a0siedzib\u0105 w\u00a0USA).<\/li>\n<li>Administrator wykorzystuje na swojej stronie narz\u0119dzia remarketingowe tj. Google Ads oraz Facebook Pixel. Wi\u0105\u017ce si\u0119 to z wykorzystywaniem plik\u00f3w cookies firmy Google LLC dotycz\u0105cych us\u0142ugi Google Ads oraz firmy Facebook, Inc. dotycz\u0105cych us\u0142ugi Facebook Pixel. W ramach mechanizmu do zarz\u0105dzania ustawieniami plik\u00f3w cookies U\u017cytkownik ma mo\u017cliwo\u015b\u0107 zdecydowania, czy U\u017cytkownik b\u0119dzie m\u00f3g\u0142 korzysta\u0107 z Google Ads\u00a0 (administrator cookies zewn\u0119trznego: Google Inc. z siedzib\u0105 w USA) oraz Facebook Pixel (administrator cookies zewn\u0119trznego: Facebook Inc. z siedzib\u0105 w USA) stosunku do niego<\/li>\n<li>Pliki cookies mog\u0105 by\u0107 r\u00f3wnie\u017c wykorzystywane przez sieci reklamowe, w szczeg\u00f3lno\u015bci sie\u0107 Google oraz Facebook, w celu wy\u015bwietlania reklam dopasowanych do sposobu, w jaki U\u017cytkownik korzysta z Serwisu. W tym celu mog\u0105 zachowa\u0107 informacj\u0119 o \u015bcie\u017cce nawigacji U\u017cytkownik lub czasie pozostawania na danej stronie.<\/li>\n<\/ol>\n<p><strong>VII. POSTANOWIENIA KO\u0143COWE<\/strong><\/p>\n<ol>\n<li>Administrator stosuje \u015brodki techniczne i organizacyjne zapewniaj\u0105ce ochron\u0119 przetwarzanych danych osobowych odpowiedni\u0105 do zagro\u017ce\u0144 oraz kategorii danych obj\u0119tych ochron\u0105, a w szczeg\u00f3lno\u015bci zabezpiecza dane przed ich udost\u0119pnieniem osobom nieupowa\u017cnionym, zabraniem przez osob\u0119 nieuprawnion\u0105, przetwarzaniem z naruszeniem obowi\u0105zuj\u0105cych przepis\u00f3w oraz zmian\u0105, utrat\u0105, uszkodzeniem lub zniszczeniem.<\/li>\n<li>W sprawach nieuregulowanych niniejsz\u0105 Polityk\u0105 prywatno\u015bci stosuje si\u0119 w\u0142a\u015bciwe przepisy prawa polskiego i europejskiego. Na tej stronie mog\u0105 znajdowa\u0107 si\u0119 dodatkowe zapisy odno\u015bnie prywatno\u015bci u\u017cytkownik\u00f3w reguluj\u0105ce zagadnienia szczeg\u00f3\u0142owe \u2013 maj\u0105 one pierwsze\u0144stwo przed niniejsz\u0105 Polityk\u0105.<\/li>\n<li>Administrator ma prawo do aktualizacji niniejszej Polityki poprzez publikacj\u0119 nowej wersji w Serwisie oraz do informowania o zmianach drog\u0105 mailow\u0105. Dalsze korzystanie z Serwisu lub dalsze przekazywanie Administratorowi danych osobowych b\u0119dzie podlega\u0107 warunkom Polityki prywatno\u015bci obowi\u0105zuj\u0105cym w danym momencie.<\/li>\n<\/ol>\n<\/div>\n<\/div>\n<\/div>\n<\/div>\n<\/div>\n<\/section>\n<\/div>\n<\/div>\n<\/div>\n<\/div>\n<\/div>\n<\/div>\n<\/div>\t\t\t\t\t\t\t\t<\/div>\n\t\t\t\t<\/div>\n\t\t\t\t\t<\/div>\n\t\t\t\t<\/div>\n\t\t\t\t<\/div>\n\t\t","protected":false},"excerpt":{"rendered":"<p>Polityka prywatno\u015bci, kt\u00f3r\u0105 w\u0142a\u015bnie czytasz, okre\u015bla zasady post\u0119powania przy przetwarzaniu danych osobowych u\u017cytkownik\u00f3w serwisu internetowego\u00a0https:\/\/cafekattowitz.pl, a tak\u017ce os\u00f3b kontaktuj\u0105cych si\u0119 z firm\u0105 Graf von Frankenstein Sp z o.o , NIP: 634 283 58 57 Wysy\u0142aj\u0105c do mnie e-maila, wyra\u017casz dobrowoln\u0105 zgod\u0119 na przetwarzanie przekazanych danych osobowych, zgodnie z zasadami zawartymi w polityce prywatno\u015bci. I. DEFINICJE &hellip; <a href=\"https:\/\/cafekattowitz.pl\/?page_id=3\" class=\"more-link\">Continue reading <span class=\"screen-reader-text\">Polityka prywatno\u015bci<\/span><\/a><\/p>\n","protected":false},"author":1,"featured_media":0,"parent":0,"menu_order":0,"comment_status":"closed","ping_status":"open","template":"","meta":{"om_disable_all_campaigns":false,"inline_featured_image":false,"footnotes":""},"class_list":["post-3","page","type-page","status-publish","hentry"],"aioseo_notices":[],"_links":{"self":[{"href":"https:\/\/cafekattowitz.pl\/index.php?rest_route=\/wp\/v2\/pages\/3","targetHints":{"allow":["GET"]}}],"collection":[{"href":"https:\/\/cafekattowitz.pl\/index.php?rest_route=\/wp\/v2\/pages"}],"about":[{"href":"https:\/\/cafekattowitz.pl\/index.php?rest_route=\/wp\/v2\/types\/page"}],"author":[{"embeddable":true,"href":"https:\/\/cafekattowitz.pl\/index.php?rest_route=\/wp\/v2\/users\/1"}],"replies":[{"embeddable":true,"href":"https:\/\/cafekattowitz.pl\/index.php?rest_route=%2Fwp%2Fv2%2Fcomments&post=3"}],"version-history":[{"count":3,"href":"https:\/\/cafekattowitz.pl\/index.php?rest_route=\/wp\/v2\/pages\/3\/revisions"}],"predecessor-version":[{"id":7594,"href":"https:\/\/cafekattowitz.pl\/index.php?rest_route=\/wp\/v2\/pages\/3\/revisions\/7594"}],"wp:attachment":[{"href":"https:\/\/cafekattowitz.pl\/index.php?rest_route=%2Fwp%2Fv2%2Fmedia&parent=3"}],"curies":[{"name":"wp","href":"https:\/\/api.w.org\/{rel}","templated":true}]}}